{"id":20544,"date":"2023-03-28T16:56:05","date_gmt":"2023-03-28T14:56:05","guid":{"rendered":"https:\/\/teby.it\/?post_type=product&#038;p=20544"},"modified":"2026-04-20T11:04:50","modified_gmt":"2026-04-20T09:04:50","slug":"spugna-lavabile","status":"publish","type":"product","link":"https:\/\/teby.it\/en\/product\/spugna-lavabile\/","title":{"rendered":"Spugna  Lavabile"},"content":{"rendered":"<p class=\"p1\">The <strong>spugna lavabile<\/strong> per piatti \u00e8\u00a0fatta da un lato con un morbido tessuto in microfibra antigraffio dall&#8217;alto potere sgrassante, e dall&#8217;altro lato una rete con un dolce effetto abrasivo contro le macchie pi\u00f9 ostinate.<\/p>\n<h3 class=\"p1\"><strong>La spugna Teby \u00e8 ecologica fin dalla sua nascita!<\/strong><\/h3>\n<p class=\"p1\">Era da tanto che guardavamo gli scarti della nostra produzione e ci domandavamo come potevamo riutilizzarli al meglio\u2026\u00a0 ed ecco cos\u00ec che ci \u00e8 venuto in mente! Creare una spugna lavabile ecologica fin dalla sua nascita!<\/p>\n<p class=\"p1\">The <strong>spugna riutilizzabile Teby<\/strong> \u00e8 cos\u00ec ecologica perch\u00e9 \u00e8 prodotta usando tessuti, scampoli, e sfilacci, che altrimenti andrebbero buttati.<\/p>\n<p class=\"p1\">Grazie a queste spugne la nostra produzione riesce cos\u00ec a diminuire sempre pi\u00f9 gli scarti!<\/p>\n<p><iframe title=\"YouTube video player\" src=\"https:\/\/www.youtube.com\/embed\/wcizLBtmH5A\" width=\"560\" height=\"315\" frameborder=\"0\" allowfullscreen=\"allowfullscreen\"><\/iframe><\/p>\n<h3>Come si usa la spugna ecologica per piatti?<\/h3>\n<p class=\"p1\">Le spugne lavabili si usano esattamente come le spugne normali:<\/p>\n<ul>\n<li class=\"p1\">bagna la spugna con abbondante acqua<\/li>\n<li class=\"p1\">strizza leggermente<\/li>\n<li class=\"p1\">aggiungi il sapone per piatti<\/li>\n<li class=\"p1\">strofina le stoviglie<\/li>\n<\/ul>\n<p>Quando hai finito di utilizzarla:<\/p>\n<ul>\n<li class=\"p1\">sciacqua<\/li>\n<li class=\"p1\">strizza<\/li>\n<li class=\"p1\">appendi<\/li>\n<\/ul>\n<h3 class=\"p1\"><strong>Una volta a settimana lava in lavatrice!<\/strong><\/h3>\n<h3><\/h3>\n<h3>Come \u00e8 fatta la spugna lavabile Teby Home?<\/h3>\n<p class=\"p1\">Questa spugna lavabile \u00e8 prodotta con tessuti certificati Oeko Tex e GOTS per il Bio<\/p>\n<p class=\"p1\"><strong>Lato morbido e sgrassante:<\/strong><\/p>\n<p class=\"p1\">ti consigliamo di utilizzare questo lato per le tue stoviglie pi\u00f9 delicate.\u00a0 Provalo anche per pulire i fornelli,\u00a0baster\u00e0 un goccio di sapone e una passata veloce per sgrassare a fondo anche gli schizzi d\u2019olio.<\/p>\n<p class=\"p1\"><strong>Lato con rete abrasiva:<\/strong><\/p>\n<p class=\"p1\">La rete in tessuto scrosta facilmente le pentole che hanno pi\u00f9 sporco, senza rischiare, per\u00f2, di graffiarle.<\/p>\n<h3><\/h3>\n<h3>Come lavare la spugna lavabile?<\/h3>\n<p class=\"p1\">Quando la tua spugna ecologica \u00e8 particolarmente sporca, baster\u00e0 metterla in lavatrice\u00a0a 60 gradi con percarbonato, e torner\u00e0 come nuova!<\/p>\n<p class=\"p1\"><strong>Hai bisogno di igienizzarla in maniera profonda?<\/strong><\/p>\n<p class=\"p1\">Non ti serve la lavatrice:\u00a0lavala a mano con il sapone dei piatti,\u00a0poi buttala in un pentolino d&#8217;acqua bollente e versa un cucchiaio di percarbonato.\u00a0 Lascia agire per almeno un&#8217;ora e la tua spugna lavabile sar\u00e0 pulita e igienizzata.<\/p>\n<p class=\"p1\">Come tutti i prodotti Teby anche la spugna lavabile \u00e8 100% handmade in Italy!<\/p>\n<h3 class=\"p1\">Teby, prodotti ecologici made in Italy per la tua casa Zero waste.<\/h3>","protected":false},"excerpt":{"rendered":"<p class=\"p1\">The <strong>spugna lavabile piatti Teby Home<\/strong> \u00e8 una soluzione ecologica e zero waste per la tua cucina.\u00a0 Riutilizzabile e lavabile,\u00a0\u00e8 fatta a mano in Italia con prodotti riciclati direttamente dalla nostra produzione.<\/p>","protected":false},"featured_media":20545,"template":"","meta":[],"product_cat":[30,198],"product_tag":[],"giftcard-category":[],"composite_virtual":false,"composite_layout":"","composite_add_to_cart_form_location":"","composite_editable_in_cart":false,"composite_sold_individually_context":"","composite_shop_price_calc":"","composite_components":[],"composite_scenarios":[],"acf":[],"yoast_head":"<!-- This site is optimized with the Yoast SEO plugin v19.13 - https:\/\/yoast.com\/wordpress\/plugins\/seo\/ -->\n<title>Spugna Lavabile | Teby<\/title>\n<meta name=\"description\" content=\"La spugna lavabile piatti Teby: la soluzione ecologica e zero waste per la tua cucina.\u00a0Fatta a mano in Italia con prodotti riciclati dalla nostra produzione.\" \/>\n<meta name=\"robots\" content=\"index, follow, max-snippet:-1, max-image-preview:large, max-video-preview:-1\" \/>\n<link rel=\"canonical\" href=\"https:\/\/teby.it\/en\/product\/spugna-lavabile\/\" \/>\n<meta property=\"og:locale\" content=\"en_GB\" \/>\n<meta property=\"og:type\" content=\"article\" \/>\n<meta property=\"og:title\" content=\"Spugna Lavabile | Teby\" \/>\n<meta property=\"og:description\" content=\"La spugna lavabile piatti Teby: la soluzione ecologica e zero waste per la tua cucina.\u00a0Fatta a mano in Italia con prodotti riciclati dalla nostra produzione.\" \/>\n<meta property=\"og:url\" content=\"https:\/\/teby.it\/en\/product\/spugna-lavabile\/\" \/>\n<meta property=\"og:site_name\" content=\"Teby\" \/>\n<meta property=\"article:modified_time\" content=\"2026-04-20T09:04:50+00:00\" \/>\n<meta property=\"og:image\" content=\"https:\/\/teby.it\/wp-content\/uploads\/2023\/03\/spugna-ecologica-teby-home-57E630.jpg\" \/>\n\t<meta property=\"og:image:width\" content=\"1200\" \/>\n\t<meta property=\"og:image:height\" content=\"1200\" \/>\n\t<meta property=\"og:image:type\" content=\"image\/jpeg\" \/>\n<meta name=\"twitter:card\" content=\"summary_large_image\" \/>\n<meta name=\"twitter:label1\" content=\"Estimated reading time\" \/>\n\t<meta name=\"twitter:data1\" content=\"2 minutes\" \/>\n<script type=\"application\/ld+json\" class=\"yoast-schema-graph\">{\"@context\":\"https:\/\/schema.org\",\"@graph\":[{\"@type\":\"WebPage\",\"@id\":\"https:\/\/teby.it\/prodotto\/spugna-lavabile\/\",\"url\":\"https:\/\/teby.it\/prodotto\/spugna-lavabile\/\",\"name\":\"Spugna Lavabile | Teby\",\"isPartOf\":{\"@id\":\"https:\/\/teby.it\/#website\"},\"datePublished\":\"2023-03-28T14:56:05+00:00\",\"dateModified\":\"2026-04-20T09:04:50+00:00\",\"description\":\"La spugna lavabile piatti Teby: la soluzione ecologica e zero waste per la tua cucina.\u00a0Fatta a mano in Italia con prodotti riciclati dalla nostra produzione.\",\"breadcrumb\":{\"@id\":\"https:\/\/teby.it\/prodotto\/spugna-lavabile\/#breadcrumb\"},\"inLanguage\":\"en-GB\",\"potentialAction\":[{\"@type\":\"ReadAction\",\"target\":[\"https:\/\/teby.it\/prodotto\/spugna-lavabile\/\"]}]},{\"@type\":\"BreadcrumbList\",\"@id\":\"https:\/\/teby.it\/prodotto\/spugna-lavabile\/#breadcrumb\",\"itemListElement\":[{\"@type\":\"ListItem\",\"position\":1,\"name\":\"Home\",\"item\":\"https:\/\/teby.it\/\"},{\"@type\":\"ListItem\",\"position\":2,\"name\":\"Shop\",\"item\":\"https:\/\/teby.it\/en\/shop\/\"},{\"@type\":\"ListItem\",\"position\":3,\"name\":\"Spugna Lavabile\"}]},{\"@type\":\"WebSite\",\"@id\":\"https:\/\/teby.it\/#website\",\"url\":\"https:\/\/teby.it\/\",\"name\":\"Teby\",\"description\":\"Teby prodotti ecosostenibili ed ecologici italiani\",\"publisher\":{\"@id\":\"https:\/\/teby.it\/#organization\"},\"potentialAction\":[{\"@type\":\"SearchAction\",\"target\":{\"@type\":\"EntryPoint\",\"urlTemplate\":\"https:\/\/teby.it\/?s={search_term_string}\"},\"query-input\":\"required name=search_term_string\"}],\"inLanguage\":\"en-GB\"},{\"@type\":\"Organization\",\"@id\":\"https:\/\/teby.it\/#organization\",\"name\":\"Culla di Teby - Pannolini Lavabili\",\"url\":\"https:\/\/teby.it\/\",\"logo\":{\"@type\":\"ImageObject\",\"inLanguage\":\"en-GB\",\"@id\":\"https:\/\/teby.it\/#\/schema\/logo\/image\/\",\"url\":\"https:\/\/teby.it\/wp-content\/uploads\/2022\/02\/logoTebyHome.svg\",\"contentUrl\":\"https:\/\/teby.it\/wp-content\/uploads\/2022\/02\/logoTebyHome.svg\",\"width\":169.47,\"height\":240.35,\"caption\":\"Culla di Teby - Pannolini Lavabili\"},\"image\":{\"@id\":\"https:\/\/teby.it\/#\/schema\/logo\/image\/\"}}]}<\/script>\n<!-- \/ Yoast SEO plugin. -->","yoast_head_json":{"title":"Spugna Lavabile | Teby","description":"La spugna lavabile piatti Teby: la soluzione ecologica e zero waste per la tua cucina.\u00a0Fatta a mano in Italia con prodotti riciclati dalla nostra produzione.","robots":{"index":"index","follow":"follow","max-snippet":"max-snippet:-1","max-image-preview":"max-image-preview:large","max-video-preview":"max-video-preview:-1"},"canonical":"https:\/\/teby.it\/en\/product\/spugna-lavabile\/","og_locale":"en_GB","og_type":"article","og_title":"Spugna Lavabile | Teby","og_description":"La spugna lavabile piatti Teby: la soluzione ecologica e zero waste per la tua cucina.\u00a0Fatta a mano in Italia con prodotti riciclati dalla nostra produzione.","og_url":"https:\/\/teby.it\/en\/product\/spugna-lavabile\/","og_site_name":"Teby","article_modified_time":"2026-04-20T09:04:50+00:00","og_image":[{"width":1200,"height":1200,"url":"https:\/\/teby.it\/wp-content\/uploads\/2023\/03\/spugna-ecologica-teby-home-57E630.jpg","type":"image\/jpeg"}],"twitter_card":"summary_large_image","twitter_misc":{"Estimated reading time":"2 minutes"},"schema":{"@context":"https:\/\/schema.org","@graph":[{"@type":"WebPage","@id":"https:\/\/teby.it\/prodotto\/spugna-lavabile\/","url":"https:\/\/teby.it\/prodotto\/spugna-lavabile\/","name":"Spugna Lavabile | Teby","isPartOf":{"@id":"https:\/\/teby.it\/#website"},"datePublished":"2023-03-28T14:56:05+00:00","dateModified":"2026-04-20T09:04:50+00:00","description":"La spugna lavabile piatti Teby: la soluzione ecologica e zero waste per la tua cucina.\u00a0Fatta a mano in Italia con prodotti riciclati dalla nostra produzione.","breadcrumb":{"@id":"https:\/\/teby.it\/prodotto\/spugna-lavabile\/#breadcrumb"},"inLanguage":"en-GB","potentialAction":[{"@type":"ReadAction","target":["https:\/\/teby.it\/prodotto\/spugna-lavabile\/"]}]},{"@type":"BreadcrumbList","@id":"https:\/\/teby.it\/prodotto\/spugna-lavabile\/#breadcrumb","itemListElement":[{"@type":"ListItem","position":1,"name":"Home","item":"https:\/\/teby.it\/"},{"@type":"ListItem","position":2,"name":"Shop","item":"https:\/\/teby.it\/en\/shop\/"},{"@type":"ListItem","position":3,"name":"Spugna Lavabile"}]},{"@type":"WebSite","@id":"https:\/\/teby.it\/#website","url":"https:\/\/teby.it\/","name":"Teby","description":"Teby prodotti ecosostenibili ed ecologici italiani","publisher":{"@id":"https:\/\/teby.it\/#organization"},"potentialAction":[{"@type":"SearchAction","target":{"@type":"EntryPoint","urlTemplate":"https:\/\/teby.it\/?s={search_term_string}"},"query-input":"required name=search_term_string"}],"inLanguage":"en-GB"},{"@type":"Organization","@id":"https:\/\/teby.it\/#organization","name":"Culla di Teby - Pannolini Lavabili","url":"https:\/\/teby.it\/","logo":{"@type":"ImageObject","inLanguage":"en-GB","@id":"https:\/\/teby.it\/#\/schema\/logo\/image\/","url":"https:\/\/teby.it\/wp-content\/uploads\/2022\/02\/logoTebyHome.svg","contentUrl":"https:\/\/teby.it\/wp-content\/uploads\/2022\/02\/logoTebyHome.svg","width":169.47,"height":240.35,"caption":"Culla di Teby - Pannolini Lavabili"},"image":{"@id":"https:\/\/teby.it\/#\/schema\/logo\/image\/"}}]}},"_links":{"self":[{"href":"https:\/\/teby.it\/en\/wp-json\/wp\/v2\/product\/20544"}],"collection":[{"href":"https:\/\/teby.it\/en\/wp-json\/wp\/v2\/product"}],"about":[{"href":"https:\/\/teby.it\/en\/wp-json\/wp\/v2\/types\/product"}],"wp:featuredmedia":[{"embeddable":true,"href":"https:\/\/teby.it\/en\/wp-json\/wp\/v2\/media\/20545"}],"wp:attachment":[{"href":"https:\/\/teby.it\/en\/wp-json\/wp\/v2\/media?parent=20544"}],"wp:term":[{"taxonomy":"product_cat","embeddable":true,"href":"https:\/\/teby.it\/en\/wp-json\/wp\/v2\/product_cat?post=20544"},{"taxonomy":"product_tag","embeddable":true,"href":"https:\/\/teby.it\/en\/wp-json\/wp\/v2\/product_tag?post=20544"},{"taxonomy":"giftcard-category","embeddable":true,"href":"https:\/\/teby.it\/en\/wp-json\/wp\/v2\/giftcard-category?post=20544"}],"curies":[{"name":"wp","href":"https:\/\/api.w.org\/{rel}","templated":true}]}}